{"id":3,"date":"2024-08-13T11:42:42","date_gmt":"2024-08-13T09:42:42","guid":{"rendered":"http:\/\/34.79.240.107:8101\/?page_id=3"},"modified":"2024-10-05T20:25:57","modified_gmt":"2024-10-05T18:25:57","slug":"privacy-policy","status":"publish","type":"page","link":"https:\/\/cutclub.no\/nn\/privacy-policy\/","title":{"rendered":"Personvern og retningslinjer for informasjonskapsler"},"content":{"rendered":"<p>We encourage you to carefully read our privacy policy. By sharing your personal information with us, you accept this privacy policy. This privacy policy describes how Cut Club AS collects and uses personal information about you. The statement includes information about your rights regarding the collection of personal information through our website (Personal Data Act \u00a7 19) and general information on how we process personal information (Personal Data Act \u00a7 18, first paragraph). Cut Club AS is responsible for the processing of personal information collected on cutclub.no.<\/p>\n\n\n\n<p>It is your responsibility to be familiar with the provisions of the privacy policy. This privacy policy applies to the use of our products and services, as well as visits to our websites from September 3, 2024, onward. We will update the privacy policy date with any changes.<\/p>\n\n\n\n<h2 class=\"wp-block-heading\"><strong>Personlig informasjon vi samler inn og behandler<\/strong><\/h2>\n\n\n\n<p>Vi lagrer personopplysninger som navn og telefonnummer. Gjennom markedsf\u00f8ringsaktiviteter kan vi bruke anonymisert informasjon som kj\u00f8nn, f\u00f8dselsdato, bosted og vennene dine. Vi vil aldri kunne hente den anonymiserte informasjonen og knytte den til enkeltpersoner. Gjennom noen tredjeparter kan vi matche v\u00e5r innsamlede informasjon om deg med tredjepartens egen informasjon om deg. For eksempel kan vi matche kundelisten v\u00e5r med Schibsteds system og finne personer vi begge har i listene v\u00e5re.<\/p>\n\n\n\n<p><strong>N\u00e5r bruker vi personopplysninger?<\/strong><\/p>\n\n\n\n<p>Vi bruker personopplysninger i forbindelse med:<\/p>\n\n\n\n<p><strong>Tjenestelevering<\/strong>: Se vedlagt PDF for personvernerkl\u00e6ring vedr\u00f8rende kj\u00f8p av h\u00e5rklipp og produkter.<\/p>\n\n\n\n<p><strong>Markedsf\u00f8ring og analyse<\/strong>: Through third parties such as Meta (Facebook\/Instagram), Snapchat, Schibsted, and TikTok, we can handle anonymized data linked to your activity on cutclub.no.<\/p>\n\n\n\n<h2 class=\"wp-block-heading\"><strong>Juridisk grunnlag, lagring og sletting<\/strong><\/h2>\n\n\n\n<p>Vi mener vi har en legitim interesse i \u00e5 gjennomf\u00f8re markedsf\u00f8ring og analyser ved hjelp av kundematching og informasjonskapsler, og at v\u00e5r interesse veier tyngre enn potensielle ulemper behandlingen kan ha for deg. Informasjon om kundetreff slettes umiddelbart etter at kampen er gjort og senest innen 30 dager.<\/p>\n\n\n\n<h2 class=\"wp-block-heading\"><strong>Hvordan bruker vi informasjonskapsler?<\/strong><\/h2>\n\n\n\n<p>Vi bruker informasjonskapsler og lignende teknologier p\u00e5 nettstedet v\u00e5rt. Informasjonskapsler gir oss innsikt i brukerm\u00f8nsteret til bes\u00f8kende og antall bes\u00f8kende p\u00e5 nettstedet.<\/p>\n\n\n\n<p>Vi bruker informasjonskapsler til f\u00f8lgende form\u00e5l:<\/p>\n\n\n\n<ul class=\"wp-block-list\">\n<li>Funksjonelle informasjonskapsler og tjenestetilbud: Informasjonskapsler gj\u00f8r det enklere \u00e5 gi en god brukeropplevelse. Du kan for eksempel unng\u00e5 \u00e5 legge inn telefonnummeret ditt flere ganger, siden tjenesten automatisk vil huske slike detaljer.<\/li>\n\n\n\n<li>Tjenesteutvikling: Informasjonskapsler hjelper oss med \u00e5 overv\u00e5ke bruken av v\u00e5re digitale tjenester for \u00e5 forbedre dem. For eksempel samler vi inn informasjon om hvilke av nettsidene v\u00e5re som bes\u00f8kes mest, om brukerne kommer fra eksterne nettsider, og hvor lenge brukerne blir p\u00e5 nettsiden v\u00e5r. Tiden du bruker p\u00e5 sidene v\u00e5re logges, men du forblir anonym for oss. Vi sporer hvor langt ned du ruller p\u00e5 siden, samt museklikk.<\/li>\n\n\n\n<li>Bruksanalyse: Vi bruker informasjonskapsler for \u00e5 samle informasjon om antall bes\u00f8kende p\u00e5 v\u00e5re nettsider og digitale tjenester, samt for \u00e5 evaluere effektiviteten av annonsering.<\/li>\n<\/ul>\n\n\n\n<p><\/p>\n\n\n\n<h2 class=\"wp-block-heading\"><strong>Dine rettigheter<\/strong><\/h2>\n\n\n\n<p>You have the right to access the personal information we process about you. You can also request correction of inaccurate information or deletion of information we no longer have a basis for retaining. If you wish to exercise your rights, you can contact us at info@cutclub.no.<\/p>","protected":false},"excerpt":{"rendered":"<p>We encourage you to carefully read our privacy policy. By sharing your personal information with us, you accept this privacy policy. This privacy policy describes how Cut Club AS collects and uses personal information about you. The statement includes information about your rights regarding the collection of personal information through our website (Personal Data Act [&hellip;]<\/p>\n","protected":false},"author":2,"featured_media":0,"parent":0,"menu_order":0,"comment_status":"closed","ping_status":"closed","template":"","meta":{"om_disable_all_campaigns":false,"_monsterinsights_skip_tracking":false,"_monsterinsights_sitenote_active":false,"_monsterinsights_sitenote_note":"","_monsterinsights_sitenote_category":0,"footnotes":""},"class_list":["post-3","page","type-page","status-publish","hentry"],"aioseo_notices":[],"yoast_head":"<!-- This site is optimized with the Yoast SEO plugin v26.6 - https:\/\/yoast.com\/wordpress\/plugins\/seo\/ -->\n<title>Privacy and cookie policy - CutClub<\/title>\n<meta name=\"robots\" content=\"index, follow, max-snippet:-1, max-image-preview:large, max-video-preview:-1\" \/>\n<link rel=\"canonical\" href=\"https:\/\/cutclub.no\/nn\/privacy-policy\/\" \/>\n<meta property=\"og:locale\" content=\"nn_NO\" \/>\n<meta property=\"og:type\" content=\"article\" \/>\n<meta property=\"og:title\" content=\"Privacy and cookie policy - CutClub\" \/>\n<meta property=\"og:description\" content=\"We encourage you to carefully read our privacy policy. By sharing your personal information with us, you accept this privacy policy. This privacy policy describes how Cut Club AS collects and uses personal information about you. The statement includes information about your rights regarding the collection of personal information through our website (Personal Data Act [&hellip;]\" \/>\n<meta property=\"og:url\" content=\"https:\/\/cutclub.no\/nn\/privacy-policy\/\" \/>\n<meta property=\"og:site_name\" content=\"CutClub\" \/>\n<meta property=\"article:publisher\" content=\"https:\/\/www.facebook.com\/people\/Cutclub\/61558961654849\/\" \/>\n<meta property=\"article:modified_time\" content=\"2024-10-05T18:25:57+00:00\" \/>\n<meta name=\"twitter:card\" content=\"summary_large_image\" \/>\n<meta name=\"twitter:label1\" content=\"Est. reading time\" \/>\n\t<meta name=\"twitter:data1\" content=\"3 minutt\" \/>\n<script type=\"application\/ld+json\" class=\"yoast-schema-graph\">{\"@context\":\"https:\/\/schema.org\",\"@graph\":[{\"@type\":\"WebPage\",\"@id\":\"https:\/\/cutclub.no\/nn\/privacy-policy\/\",\"url\":\"https:\/\/cutclub.no\/nn\/privacy-policy\/\",\"name\":\"Privacy and cookie policy - CutClub\",\"isPartOf\":{\"@id\":\"https:\/\/cutclub.no\/#website\"},\"datePublished\":\"2024-08-13T09:42:42+00:00\",\"dateModified\":\"2024-10-05T18:25:57+00:00\",\"breadcrumb\":{\"@id\":\"https:\/\/cutclub.no\/nn\/privacy-policy\/#breadcrumb\"},\"inLanguage\":\"nn-NO\",\"potentialAction\":[{\"@type\":\"ReadAction\",\"target\":[\"https:\/\/cutclub.no\/nn\/privacy-policy\/\"]}]},{\"@type\":\"BreadcrumbList\",\"@id\":\"https:\/\/cutclub.no\/nn\/privacy-policy\/#breadcrumb\",\"itemListElement\":[{\"@type\":\"ListItem\",\"position\":1,\"name\":\"Home\",\"item\":\"https:\/\/cutclub.no\/\"},{\"@type\":\"ListItem\",\"position\":2,\"name\":\"Privacy and cookie policy\"}]},{\"@type\":\"WebSite\",\"@id\":\"https:\/\/cutclub.no\/#website\",\"url\":\"https:\/\/cutclub.no\/\",\"name\":\"https:\/\/cutclub.no\/\",\"description\":\"\",\"publisher\":{\"@id\":\"https:\/\/cutclub.no\/#organization\"},\"potentialAction\":[{\"@type\":\"SearchAction\",\"target\":{\"@type\":\"EntryPoint\",\"urlTemplate\":\"https:\/\/cutclub.no\/?s={search_term_string}\"},\"query-input\":{\"@type\":\"PropertyValueSpecification\",\"valueRequired\":true,\"valueName\":\"search_term_string\"}}],\"inLanguage\":\"nn-NO\"},{\"@type\":\"Organization\",\"@id\":\"https:\/\/cutclub.no\/#organization\",\"name\":\"CutClub\",\"url\":\"https:\/\/cutclub.no\/\",\"logo\":{\"@type\":\"ImageObject\",\"inLanguage\":\"nn-NO\",\"@id\":\"https:\/\/cutclub.no\/#\/schema\/logo\/image\/\",\"url\":\"https:\/\/cutclub.no\/wp-content\/uploads\/2024\/08\/logo2-1.png\",\"contentUrl\":\"https:\/\/cutclub.no\/wp-content\/uploads\/2024\/08\/logo2-1.png\",\"width\":4495,\"height\":4045,\"caption\":\"CutClub\"},\"image\":{\"@id\":\"https:\/\/cutclub.no\/#\/schema\/logo\/image\/\"},\"sameAs\":[\"https:\/\/www.facebook.com\/people\/Cutclub\/61558961654849\/\",\"https:\/\/www.instagram.com\/cutclub.trondheim\"]}]}<\/script>\n<!-- \/ Yoast SEO plugin. -->","yoast_head_json":{"title":"Privacy and cookie policy - CutClub","robots":{"index":"index","follow":"follow","max-snippet":"max-snippet:-1","max-image-preview":"max-image-preview:large","max-video-preview":"max-video-preview:-1"},"canonical":"https:\/\/cutclub.no\/nn\/privacy-policy\/","og_locale":"nn_NO","og_type":"article","og_title":"Privacy and cookie policy - CutClub","og_description":"We encourage you to carefully read our privacy policy. By sharing your personal information with us, you accept this privacy policy. This privacy policy describes how Cut Club AS collects and uses personal information about you. The statement includes information about your rights regarding the collection of personal information through our website (Personal Data Act [&hellip;]","og_url":"https:\/\/cutclub.no\/nn\/privacy-policy\/","og_site_name":"CutClub","article_publisher":"https:\/\/www.facebook.com\/people\/Cutclub\/61558961654849\/","article_modified_time":"2024-10-05T18:25:57+00:00","twitter_card":"summary_large_image","twitter_misc":{"Est. reading time":"3 minutt"},"schema":{"@context":"https:\/\/schema.org","@graph":[{"@type":"WebPage","@id":"https:\/\/cutclub.no\/nn\/privacy-policy\/","url":"https:\/\/cutclub.no\/nn\/privacy-policy\/","name":"Privacy and cookie policy - CutClub","isPartOf":{"@id":"https:\/\/cutclub.no\/#website"},"datePublished":"2024-08-13T09:42:42+00:00","dateModified":"2024-10-05T18:25:57+00:00","breadcrumb":{"@id":"https:\/\/cutclub.no\/nn\/privacy-policy\/#breadcrumb"},"inLanguage":"nn-NO","potentialAction":[{"@type":"ReadAction","target":["https:\/\/cutclub.no\/nn\/privacy-policy\/"]}]},{"@type":"BreadcrumbList","@id":"https:\/\/cutclub.no\/nn\/privacy-policy\/#breadcrumb","itemListElement":[{"@type":"ListItem","position":1,"name":"Home","item":"https:\/\/cutclub.no\/"},{"@type":"ListItem","position":2,"name":"Privacy and cookie policy"}]},{"@type":"WebSite","@id":"https:\/\/cutclub.no\/#website","url":"https:\/\/cutclub.no\/","name":"https:\/\/cutclub.no\/","description":"","publisher":{"@id":"https:\/\/cutclub.no\/#organization"},"potentialAction":[{"@type":"SearchAction","target":{"@type":"EntryPoint","urlTemplate":"https:\/\/cutclub.no\/?s={search_term_string}"},"query-input":{"@type":"PropertyValueSpecification","valueRequired":true,"valueName":"search_term_string"}}],"inLanguage":"nn-NO"},{"@type":"Organization","@id":"https:\/\/cutclub.no\/#organization","name":"CutClub","url":"https:\/\/cutclub.no\/","logo":{"@type":"ImageObject","inLanguage":"nn-NO","@id":"https:\/\/cutclub.no\/#\/schema\/logo\/image\/","url":"https:\/\/cutclub.no\/wp-content\/uploads\/2024\/08\/logo2-1.png","contentUrl":"https:\/\/cutclub.no\/wp-content\/uploads\/2024\/08\/logo2-1.png","width":4495,"height":4045,"caption":"CutClub"},"image":{"@id":"https:\/\/cutclub.no\/#\/schema\/logo\/image\/"},"sameAs":["https:\/\/www.facebook.com\/people\/Cutclub\/61558961654849\/","https:\/\/www.instagram.com\/cutclub.trondheim"]}]}},"jetpack_sharing_enabled":true,"_links":{"self":[{"href":"https:\/\/cutclub.no\/nn\/wp-json\/wp\/v2\/pages\/3","targetHints":{"allow":["GET"]}}],"collection":[{"href":"https:\/\/cutclub.no\/nn\/wp-json\/wp\/v2\/pages"}],"about":[{"href":"https:\/\/cutclub.no\/nn\/wp-json\/wp\/v2\/types\/page"}],"author":[{"embeddable":true,"href":"https:\/\/cutclub.no\/nn\/wp-json\/wp\/v2\/users\/2"}],"replies":[{"embeddable":true,"href":"https:\/\/cutclub.no\/nn\/wp-json\/wp\/v2\/comments?post=3"}],"version-history":[{"count":6,"href":"https:\/\/cutclub.no\/nn\/wp-json\/wp\/v2\/pages\/3\/revisions"}],"predecessor-version":[{"id":149,"href":"https:\/\/cutclub.no\/nn\/wp-json\/wp\/v2\/pages\/3\/revisions\/149"}],"wp:attachment":[{"href":"https:\/\/cutclub.no\/nn\/wp-json\/wp\/v2\/media?parent=3"}],"curies":[{"name":"wp","href":"https:\/\/api.w.org\/{rel}","templated":true}]}}